{"id":78,"date":"2017-05-03T14:41:09","date_gmt":"2017-05-03T14:41:09","guid":{"rendered":"http:\/\/casa-sabrina.moneysmiler.de\/?page_id=78"},"modified":"2019-08-20T13:56:38","modified_gmt":"2019-08-20T13:56:38","slug":"startseite","status":"publish","type":"page","link":"https:\/\/casa-sabrina.moneysmiler.de\/","title":{"rendered":"Startseite"},"content":{"rendered":"<div>\n<div>\n<div>\n<div>\n<div id=\"imCell_4\" class=\"imGrid[1, 1]\">\n<div id=\"imCellStyle_4\">\n<div id=\"imTextObject_4_tab0\" class=\"text-tab-content\">\n<div class=\"text-inner\">\n<p><span class=\"ff1 cf0 fs18\"><b>Herzlich willkommen in Tinguat\u00f3n! <\/b><\/span><b><\/b><\/p>\n<p style=\"text-align: left;\"><strong>Hier, im Herzen Lanzarotes, m\u00f6chten wir Ihnen die M\u00f6glichkeit bieten, sich im Urlaub Zuhause zu f\u00fchlen.<\/strong><\/p>\n<p><img loading=\"lazy\" decoding=\"async\" class=\"aligncenter size-medium wp-image-91\" src=\"http:\/\/casa-sabrina.moneysmiler.de\/wp-content\/uploads\/2017\/05\/Haus-300x225.jpg\" alt=\"\" width=\"300\" height=\"225\" srcset=\"https:\/\/casa-sabrina.moneysmiler.de\/wp-content\/uploads\/2017\/05\/Haus-300x225.jpg 300w, https:\/\/casa-sabrina.moneysmiler.de\/wp-content\/uploads\/2017\/05\/Haus-768x576.jpg 768w, https:\/\/casa-sabrina.moneysmiler.de\/wp-content\/uploads\/2017\/05\/Haus.jpg 800w\" sizes=\"auto, (max-width: 300px) 100vw, 300px\" \/><\/p>\n<p style=\"text-align: left;\">Das Panorama Apartment im Casa Sabrina bietet Platz f\u00fcr bis zu vier Personen.<\/p>\n<\/div>\n<\/div>\n<\/div>\n<\/div>\n<\/div>\n<\/div>\n<div>\n<div id=\"imCell_10\" class=\"imGrid[2, 2]\">\n<div id=\"imCellStyle_10\">\n<div id=\"imTextObject_10_tab0\" class=\"text-tab-content\">\n<div class=\"text-inner\">\n<p><span class=\"ff1 cf0 fs16\">Das Apartment befindet sich im ersten Stockwerk eines allein stehenden, typisch f\u00fcr die Insel, wei\u00dfen Hauses in einer ruhigen Nachbarschaft.<\/span><\/p>\n<\/div>\n<\/div>\n<\/div>\n<\/div>\n<\/div>\n<\/div>\n<\/div>\n<div>\n<div>\n<div id=\"imCell_7\" class=\"imGrid[3, 3]\">\n<div id=\"imCellStyle_7\">\n<div id=\"imTextObject_7_tab0\" class=\"text-tab-content\">\n<div class=\"text-inner\">\n<p><span class=\"ff1 cf0 fs16\">Hier kann man die beeindruckende Kulisse der Vulkanlandschaft des Timanfaya genie\u00dfen und ist infrastrukturell trotzdem gut angebunden.<br \/>\n<\/span><span class=\"ff1 cf0 fs16\"><br \/>\n<\/span><span class=\"ff1 cf0 fs16\"><a href=\"http:\/\/c-m-24.de\/casaprivat\/files\/IMG_6214.JPG\"><img loading=\"lazy\" decoding=\"async\" id=\"imObjectImage_6\" class=\"alignright\" title=\"\" src=\"http:\/\/c-m-24.de\/casaprivat\/images\/IMG_6214.jpg\" alt=\"\" width=\"300\" height=\"200\" \/><\/a>Die beiden Dachterrassen der Wohnung bieten Entspannung pur. Sie laden zum Genie\u00dfen des warmen kanarischen Wetters ein und ihr Panorama wird Ihren Urlaub unvergesslich machen.<\/span><\/p>\n<p><span style=\"font-size: 1rem;\">Die \u00a0Ausstattung Ihres Feriendomizils ist gro\u00dfz\u00fcgig. Alle notwendigen Utensilien wie Handt\u00fccher, Bettw\u00e4sche, Terrassenm\u00f6bel und K\u00fcchenausstattung sind im Preis inbegriffen.<\/span><\/p>\n<\/div>\n<\/div>\n<\/div>\n<\/div>\n<\/div>\n<div>\u00a0<span style=\"font-size: 1rem;\">Auch ein Autostellplatz steht zur Verf\u00fcgung. \u00a0\u00a0Wir laden Sie herzlich ein, sich umzusehen und schon bald Urlaub bei Freunden zu machen.<\/span><\/div>\n<\/div>\n","protected":false},"excerpt":{"rendered":"<p>Herzlich willkommen in Tinguat\u00f3n! Hier, im Herzen Lanzarotes, m\u00f6chten wir Ihnen die M\u00f6glichkeit bieten, sich im Urlaub Zuhause zu f\u00fchlen. Das Panorama Apartment im Casa Sabrina bietet Platz f\u00fcr bis zu vier Personen. Das Apartment befindet sich im ersten Stockwerk eines allein stehenden, typisch f\u00fcr die Insel, wei\u00dfen Hauses in einer ruhigen Nachbarschaft. Hier kann &hellip; <\/p>\n<p class=\"link-more\"><a href=\"https:\/\/casa-sabrina.moneysmiler.de\/\" class=\"more-link\"><span class=\"screen-reader-text\">\u201eStartseite\u201c <\/span>weiterlesen<\/a><\/p>\n","protected":false},"author":2,"featured_media":0,"parent":0,"menu_order":0,"comment_status":"closed","ping_status":"closed","template":"","meta":{"footnotes":""},"class_list":["post-78","page","type-page","status-publish","hentry"],"_links":{"self":[{"href":"https:\/\/casa-sabrina.moneysmiler.de\/index.php?rest_route=\/wp\/v2\/pages\/78","targetHints":{"allow":["GET"]}}],"collection":[{"href":"https:\/\/casa-sabrina.moneysmiler.de\/index.php?rest_route=\/wp\/v2\/pages"}],"about":[{"href":"https:\/\/casa-sabrina.moneysmiler.de\/index.php?rest_route=\/wp\/v2\/types\/page"}],"author":[{"embeddable":true,"href":"https:\/\/casa-sabrina.moneysmiler.de\/index.php?rest_route=\/wp\/v2\/users\/2"}],"replies":[{"embeddable":true,"href":"https:\/\/casa-sabrina.moneysmiler.de\/index.php?rest_route=%2Fwp%2Fv2%2Fcomments&post=78"}],"version-history":[{"count":19,"href":"https:\/\/casa-sabrina.moneysmiler.de\/index.php?rest_route=\/wp\/v2\/pages\/78\/revisions"}],"predecessor-version":[{"id":529,"href":"https:\/\/casa-sabrina.moneysmiler.de\/index.php?rest_route=\/wp\/v2\/pages\/78\/revisions\/529"}],"wp:attachment":[{"href":"https:\/\/casa-sabrina.moneysmiler.de\/index.php?rest_route=%2Fwp%2Fv2%2Fmedia&parent=78"}],"curies":[{"name":"wp","href":"https:\/\/api.w.org\/{rel}","templated":true}]}}