{"id":67,"date":"2017-05-03T10:31:05","date_gmt":"2017-05-03T10:31:05","guid":{"rendered":"http:\/\/casa-sabrina.moneysmiler.de\/?page_id=67"},"modified":"2017-07-06T08:35:42","modified_gmt":"2017-07-06T08:35:42","slug":"wintergarten","status":"publish","type":"page","link":"https:\/\/casa-sabrina.moneysmiler.de\/?page_id=67","title":{"rendered":"Wintergarten"},"content":{"rendered":"<p><img loading=\"lazy\" decoding=\"async\" class=\"size-medium wp-image-235 alignleft\" src=\"http:\/\/casa-sabrina.moneysmiler.de\/wp-content\/uploads\/2017\/05\/Wintergarten-300x225.jpg\" alt=\"\" width=\"300\" height=\"225\" srcset=\"https:\/\/casa-sabrina.moneysmiler.de\/wp-content\/uploads\/2017\/05\/Wintergarten-300x225.jpg 300w, https:\/\/casa-sabrina.moneysmiler.de\/wp-content\/uploads\/2017\/05\/Wintergarten.jpg 640w\" sizes=\"auto, (max-width: 300px) 100vw, 300px\" \/>\u00a0<span style=\"font-size: 1rem;\"><strong>Wir nennen es liebevoll den <\/strong><\/span><br \/>\n<span style=\"font-size: 1rem;\"><strong>&#8220; Wintergarten &#8222;<\/strong><\/span><\/p>\n<p><span style=\"font-size: 1rem;\">Ein windgesch\u00fctzter Bereich auf der gro\u00dfen Terrasse.<\/span><\/p>\n<p>&nbsp;<\/p>\n<p>&nbsp;<\/p>\n<p><img loading=\"lazy\" decoding=\"async\" class=\"size-medium wp-image-251 alignright\" src=\"http:\/\/casa-sabrina.moneysmiler.de\/wp-content\/uploads\/2017\/05\/IMG_20160923_150136-300x169.jpg\" alt=\"\" width=\"300\" height=\"169\" srcset=\"https:\/\/casa-sabrina.moneysmiler.de\/wp-content\/uploads\/2017\/05\/IMG_20160923_150136-300x169.jpg 300w, https:\/\/casa-sabrina.moneysmiler.de\/wp-content\/uploads\/2017\/05\/IMG_20160923_150136-768x432.jpg 768w, https:\/\/casa-sabrina.moneysmiler.de\/wp-content\/uploads\/2017\/05\/IMG_20160923_150136-1024x576.jpg 1024w, https:\/\/casa-sabrina.moneysmiler.de\/wp-content\/uploads\/2017\/05\/IMG_20160923_150136.jpg 1920w\" sizes=\"auto, (max-width: 300px) 100vw, 300px\" \/><\/p>\n<p>&nbsp;<\/p>\n<p>Hier l\u00e4sst man es sich auch mal an k\u00fchlen Abenden und<\/p>\n<p>&nbsp;<\/p>\n<p><img loading=\"lazy\" decoding=\"async\" class=\"size-medium wp-image-236 alignleft\" src=\"http:\/\/casa-sabrina.moneysmiler.de\/wp-content\/uploads\/2017\/05\/Wintergarten2-300x225.jpg\" alt=\"\" width=\"300\" height=\"225\" srcset=\"https:\/\/casa-sabrina.moneysmiler.de\/wp-content\/uploads\/2017\/05\/Wintergarten2-300x225.jpg 300w, https:\/\/casa-sabrina.moneysmiler.de\/wp-content\/uploads\/2017\/05\/Wintergarten2.jpg 640w\" sizes=\"auto, (max-width: 300px) 100vw, 300px\" \/><\/p>\n<p>&nbsp;<\/p>\n<p>&nbsp;<\/p>\n<p>bei einem der zahlreich sch\u00f6nen Sonnenunterg\u00e4ngen gut gehen.<\/p>\n<p>&nbsp;<\/p>\n","protected":false},"excerpt":{"rendered":"<p>\u00a0Wir nennen es liebevoll den &#8220; Wintergarten &#8222; Ein windgesch\u00fctzter Bereich auf der gro\u00dfen Terrasse. &nbsp; &nbsp; &nbsp; Hier l\u00e4sst man es sich auch mal an k\u00fchlen Abenden und &nbsp; &nbsp; &nbsp; bei einem der zahlreich sch\u00f6nen Sonnenunterg\u00e4ngen gut gehen. &nbsp;<\/p>\n","protected":false},"author":2,"featured_media":447,"parent":45,"menu_order":0,"comment_status":"closed","ping_status":"closed","template":"","meta":{"footnotes":""},"class_list":["post-67","page","type-page","status-publish","has-post-thumbnail","hentry"],"_links":{"self":[{"href":"https:\/\/casa-sabrina.moneysmiler.de\/index.php?rest_route=\/wp\/v2\/pages\/67","targetHints":{"allow":["GET"]}}],"collection":[{"href":"https:\/\/casa-sabrina.moneysmiler.de\/index.php?rest_route=\/wp\/v2\/pages"}],"about":[{"href":"https:\/\/casa-sabrina.moneysmiler.de\/index.php?rest_route=\/wp\/v2\/types\/page"}],"author":[{"embeddable":true,"href":"https:\/\/casa-sabrina.moneysmiler.de\/index.php?rest_route=\/wp\/v2\/users\/2"}],"replies":[{"embeddable":true,"href":"https:\/\/casa-sabrina.moneysmiler.de\/index.php?rest_route=%2Fwp%2Fv2%2Fcomments&post=67"}],"version-history":[{"count":8,"href":"https:\/\/casa-sabrina.moneysmiler.de\/index.php?rest_route=\/wp\/v2\/pages\/67\/revisions"}],"predecessor-version":[{"id":446,"href":"https:\/\/casa-sabrina.moneysmiler.de\/index.php?rest_route=\/wp\/v2\/pages\/67\/revisions\/446"}],"up":[{"embeddable":true,"href":"https:\/\/casa-sabrina.moneysmiler.de\/index.php?rest_route=\/wp\/v2\/pages\/45"}],"wp:featuredmedia":[{"embeddable":true,"href":"https:\/\/casa-sabrina.moneysmiler.de\/index.php?rest_route=\/wp\/v2\/media\/447"}],"wp:attachment":[{"href":"https:\/\/casa-sabrina.moneysmiler.de\/index.php?rest_route=%2Fwp%2Fv2%2Fmedia&parent=67"}],"curies":[{"name":"wp","href":"https:\/\/api.w.org\/{rel}","templated":true}]}}