{"id":55,"date":"2017-05-03T10:24:36","date_gmt":"2017-05-03T10:24:36","guid":{"rendered":"http:\/\/casa-sabrina.moneysmiler.de\/?page_id=55"},"modified":"2017-07-06T08:27:55","modified_gmt":"2017-07-06T08:27:55","slug":"grosse-terasse","status":"publish","type":"page","link":"https:\/\/casa-sabrina.moneysmiler.de\/?page_id=55","title":{"rendered":"Grosse Terrasse"},"content":{"rendered":"<p><span class=\"ff1 cf0 fs16\"><b>Eine gro\u00dfe Terrasse l\u00e4dt zum Verweilen ein.<\/b><\/span><\/p>\n<p><span class=\"ff1 fs16\"><img loading=\"lazy\" decoding=\"async\" class=\"size-medium wp-image-244 alignleft\" src=\"http:\/\/casa-sabrina.moneysmiler.de\/wp-content\/uploads\/2017\/05\/IMG_20170505_201246-300x225.jpg\" alt=\"\" width=\"300\" height=\"225\" srcset=\"https:\/\/casa-sabrina.moneysmiler.de\/wp-content\/uploads\/2017\/05\/IMG_20170505_201246-300x225.jpg 300w, https:\/\/casa-sabrina.moneysmiler.de\/wp-content\/uploads\/2017\/05\/IMG_20170505_201246.jpg 640w\" sizes=\"auto, (max-width: 300px) 100vw, 300px\" \/><\/span><\/p>\n<p>&nbsp;<\/p>\n<p>&nbsp;<\/p>\n<p><span class=\"ff1 fs16\">Korbst\u00fchle, Liege, Sonnenschirm und Grill unterst\u00fctzen Sie in Ihrem Vorhaben.<\/span><\/p>\n<p><img loading=\"lazy\" decoding=\"async\" class=\"size-medium wp-image-240 alignright\" style=\"font-size: 1rem;\" src=\"http:\/\/casa-sabrina.moneysmiler.de\/wp-content\/uploads\/2017\/05\/IMG_20170505_180123-300x225.jpg\" alt=\"\" width=\"300\" height=\"225\" srcset=\"https:\/\/casa-sabrina.moneysmiler.de\/wp-content\/uploads\/2017\/05\/IMG_20170505_180123-300x225.jpg 300w, https:\/\/casa-sabrina.moneysmiler.de\/wp-content\/uploads\/2017\/05\/IMG_20170505_180123.jpg 640w\" sizes=\"auto, (max-width: 300px) 100vw, 300px\" \/><\/p>\n<p>&nbsp;<\/p>\n<p>&nbsp;<\/p>\n<p><strong>Hier l\u00e4sst es sich leben ;<\/strong><br \/>\nHier genie\u00dfen Sie den gewaltigen Ausblick \u00fcber das Dorf bis zum Meer und finden Entspannung.<\/p>\n<p><img loading=\"lazy\" decoding=\"async\" class=\"size-medium wp-image-239 alignleft\" style=\"font-size: 1rem;\" src=\"http:\/\/casa-sabrina.moneysmiler.de\/wp-content\/uploads\/2017\/05\/IMG_20170506_213937-2-300x225.jpg\" alt=\"\" width=\"300\" height=\"225\" srcset=\"https:\/\/casa-sabrina.moneysmiler.de\/wp-content\/uploads\/2017\/05\/IMG_20170506_213937-2-300x225.jpg 300w, https:\/\/casa-sabrina.moneysmiler.de\/wp-content\/uploads\/2017\/05\/IMG_20170506_213937-2.jpg 640w\" sizes=\"auto, (max-width: 300px) 100vw, 300px\" \/><\/p>\n<p>&nbsp;<\/p>\n<p>&nbsp;<\/p>\n<p>Und die sch\u00f6nsten Sonnenunterg\u00e4nge kann man auch von hier genie\u00dfen.<\/p>\n<p>&nbsp;<\/p>\n<p>&nbsp;<\/p>\n<p>&nbsp;<\/p>\n<div style=\"width: 480px;\" class=\"wp-video\"><video class=\"wp-video-shortcode\" id=\"video-55-1\" width=\"480\" height=\"320\" autoplay preload=\"auto\" controls=\"controls\"><source type=\"video\/mp4\" src=\"http:\/\/casa-sabrina.moneysmiler.de\/wp-content\/uploads\/2017\/05\/VID_20170118_161254.mp4?_=1\" \/><a href=\"http:\/\/casa-sabrina.moneysmiler.de\/wp-content\/uploads\/2017\/05\/VID_20170118_161254.mp4\">http:\/\/casa-sabrina.moneysmiler.de\/wp-content\/uploads\/2017\/05\/VID_20170118_161254.mp4<\/a><\/video><\/div>\n","protected":false},"excerpt":{"rendered":"<p>Eine gro\u00dfe Terrasse l\u00e4dt zum Verweilen ein. &nbsp; &nbsp; Korbst\u00fchle, Liege, Sonnenschirm und Grill unterst\u00fctzen Sie in Ihrem Vorhaben. &nbsp; &nbsp; Hier l\u00e4sst es sich leben ; Hier genie\u00dfen Sie den gewaltigen Ausblick \u00fcber das Dorf bis zum Meer und finden Entspannung. &nbsp; &nbsp; Und die sch\u00f6nsten Sonnenunterg\u00e4nge kann man auch von hier genie\u00dfen. &nbsp; &hellip; <\/p>\n<p class=\"link-more\"><a href=\"https:\/\/casa-sabrina.moneysmiler.de\/?page_id=55\" class=\"more-link\"><span class=\"screen-reader-text\">\u201eGrosse Terrasse\u201c <\/span>weiterlesen<\/a><\/p>\n","protected":false},"author":2,"featured_media":444,"parent":45,"menu_order":0,"comment_status":"closed","ping_status":"closed","template":"","meta":{"footnotes":""},"class_list":["post-55","page","type-page","status-publish","has-post-thumbnail","hentry"],"_links":{"self":[{"href":"https:\/\/casa-sabrina.moneysmiler.de\/index.php?rest_route=\/wp\/v2\/pages\/55","targetHints":{"allow":["GET"]}}],"collection":[{"href":"https:\/\/casa-sabrina.moneysmiler.de\/index.php?rest_route=\/wp\/v2\/pages"}],"about":[{"href":"https:\/\/casa-sabrina.moneysmiler.de\/index.php?rest_route=\/wp\/v2\/types\/page"}],"author":[{"embeddable":true,"href":"https:\/\/casa-sabrina.moneysmiler.de\/index.php?rest_route=\/wp\/v2\/users\/2"}],"replies":[{"embeddable":true,"href":"https:\/\/casa-sabrina.moneysmiler.de\/index.php?rest_route=%2Fwp%2Fv2%2Fcomments&post=55"}],"version-history":[{"count":7,"href":"https:\/\/casa-sabrina.moneysmiler.de\/index.php?rest_route=\/wp\/v2\/pages\/55\/revisions"}],"predecessor-version":[{"id":441,"href":"https:\/\/casa-sabrina.moneysmiler.de\/index.php?rest_route=\/wp\/v2\/pages\/55\/revisions\/441"}],"up":[{"embeddable":true,"href":"https:\/\/casa-sabrina.moneysmiler.de\/index.php?rest_route=\/wp\/v2\/pages\/45"}],"wp:featuredmedia":[{"embeddable":true,"href":"https:\/\/casa-sabrina.moneysmiler.de\/index.php?rest_route=\/wp\/v2\/media\/444"}],"wp:attachment":[{"href":"https:\/\/casa-sabrina.moneysmiler.de\/index.php?rest_route=%2Fwp%2Fv2%2Fmedia&parent=55"}],"curies":[{"name":"wp","href":"https:\/\/api.w.org\/{rel}","templated":true}]}}