{"id":49,"date":"2017-05-03T10:23:43","date_gmt":"2017-05-03T10:23:43","guid":{"rendered":"http:\/\/casa-sabrina.moneysmiler.de\/?page_id=49"},"modified":"2017-07-05T14:07:51","modified_gmt":"2017-07-05T14:07:51","slug":"wohnzimmer","status":"publish","type":"page","link":"https:\/\/casa-sabrina.moneysmiler.de\/?page_id=49","title":{"rendered":"Wohnzimmer"},"content":{"rendered":"<p><span class=\"fs20\"><span class=\"ff1 cf0\"><img loading=\"lazy\" decoding=\"async\" class=\"size-medium wp-image-228 alignleft\" style=\"font-size: 1rem;\" src=\"http:\/\/casa-sabrina.moneysmiler.de\/wp-content\/uploads\/2017\/05\/wohnen-300x225.jpg\" alt=\"\" width=\"300\" height=\"225\" srcset=\"https:\/\/casa-sabrina.moneysmiler.de\/wp-content\/uploads\/2017\/05\/wohnen-300x225.jpg 300w, https:\/\/casa-sabrina.moneysmiler.de\/wp-content\/uploads\/2017\/05\/wohnen-768x576.jpg 768w, https:\/\/casa-sabrina.moneysmiler.de\/wp-content\/uploads\/2017\/05\/wohnen-1024x768.jpg 1024w\" sizes=\"auto, (max-width: 300px) 100vw, 300px\" \/><strong>Der Wohnbereich ist gem\u00fctlich und l\u00e4dt zum Verweilen in den Abendstunden ein.<\/strong><\/span><\/span><\/p>\n<p>Der Leinwanddruck \u00fcber der kuscheligen Ecke bietet einen Eindruck der <span class=\"cf1 fs20 ff1\">gewaltigen <\/span><span class=\"cf0 fs20 ff1\">Natur der Insel.<\/span><\/p>\n<p>&nbsp;<\/p>\n<p>Hier finden Sie\u00a0<img loading=\"lazy\" decoding=\"async\" class=\"size-medium wp-image-229 alignright\" src=\"http:\/\/casa-sabrina.moneysmiler.de\/wp-content\/uploads\/2017\/05\/wohnen1-300x225.jpg\" alt=\"\" width=\"300\" height=\"225\" srcset=\"https:\/\/casa-sabrina.moneysmiler.de\/wp-content\/uploads\/2017\/05\/wohnen1-300x225.jpg 300w, https:\/\/casa-sabrina.moneysmiler.de\/wp-content\/uploads\/2017\/05\/wohnen1-768x576.jpg 768w, https:\/\/casa-sabrina.moneysmiler.de\/wp-content\/uploads\/2017\/05\/wohnen1-1024x768.jpg 1024w\" sizes=\"auto, (max-width: 300px) 100vw, 300px\" \/>gem\u00fctliche Sessel sowie den Fernseher mit Satelitenempfang f\u00fcr deutsche Programme<\/p>\n<p>und alles f\u00fcr sch\u00f6ne Stunden am Abend. Z.B. Windlichter f\u00fcr Kerzen usw.<\/p>\n","protected":false},"excerpt":{"rendered":"<p>Der Wohnbereich ist gem\u00fctlich und l\u00e4dt zum Verweilen in den Abendstunden ein. Der Leinwanddruck \u00fcber der kuscheligen Ecke bietet einen Eindruck der gewaltigen Natur der Insel. &nbsp; Hier finden Sie\u00a0gem\u00fctliche Sessel sowie den Fernseher mit Satelitenempfang f\u00fcr deutsche Programme und alles f\u00fcr sch\u00f6ne Stunden am Abend. Z.B. Windlichter f\u00fcr Kerzen usw.<\/p>\n","protected":false},"author":2,"featured_media":191,"parent":45,"menu_order":0,"comment_status":"closed","ping_status":"closed","template":"","meta":{"footnotes":""},"class_list":["post-49","page","type-page","status-publish","has-post-thumbnail","hentry"],"_links":{"self":[{"href":"https:\/\/casa-sabrina.moneysmiler.de\/index.php?rest_route=\/wp\/v2\/pages\/49","targetHints":{"allow":["GET"]}}],"collection":[{"href":"https:\/\/casa-sabrina.moneysmiler.de\/index.php?rest_route=\/wp\/v2\/pages"}],"about":[{"href":"https:\/\/casa-sabrina.moneysmiler.de\/index.php?rest_route=\/wp\/v2\/types\/page"}],"author":[{"embeddable":true,"href":"https:\/\/casa-sabrina.moneysmiler.de\/index.php?rest_route=\/wp\/v2\/users\/2"}],"replies":[{"embeddable":true,"href":"https:\/\/casa-sabrina.moneysmiler.de\/index.php?rest_route=%2Fwp%2Fv2%2Fcomments&post=49"}],"version-history":[{"count":5,"href":"https:\/\/casa-sabrina.moneysmiler.de\/index.php?rest_route=\/wp\/v2\/pages\/49\/revisions"}],"predecessor-version":[{"id":436,"href":"https:\/\/casa-sabrina.moneysmiler.de\/index.php?rest_route=\/wp\/v2\/pages\/49\/revisions\/436"}],"up":[{"embeddable":true,"href":"https:\/\/casa-sabrina.moneysmiler.de\/index.php?rest_route=\/wp\/v2\/pages\/45"}],"wp:featuredmedia":[{"embeddable":true,"href":"https:\/\/casa-sabrina.moneysmiler.de\/index.php?rest_route=\/wp\/v2\/media\/191"}],"wp:attachment":[{"href":"https:\/\/casa-sabrina.moneysmiler.de\/index.php?rest_route=%2Fwp%2Fv2%2Fmedia&parent=49"}],"curies":[{"name":"wp","href":"https:\/\/api.w.org\/{rel}","templated":true}]}}